{"id":231,"date":"2024-02-07T17:15:22","date_gmt":"2024-02-07T20:15:22","guid":{"rendered":"https:\/\/web.expresocopar.com\/?page_id=231"},"modified":"2024-02-07T19:37:42","modified_gmt":"2024-02-07T22:37:42","slug":"sucursales","status":"publish","type":"page","link":"https:\/\/expresocopar.com\/index.php\/sucursales\/","title":{"rendered":"Sucursales"},"content":{"rendered":"\t\t<div data-elementor-type=\"wp-page\" data-elementor-id=\"231\" class=\"elementor elementor-231\" data-elementor-post-type=\"page\">\n\t\t\t\t\t\t<section class=\"elementor-section elementor-top-section elementor-element elementor-element-d927e6d elementor-section-height-min-height elementor-section-full_width elementor-section-stretched elementor-section-height-default elementor-section-items-middle\" data-id=\"d927e6d\" data-element_type=\"section\" data-settings=\"{&quot;stretch_section&quot;:&quot;section-stretched&quot;}\">\n\t\t\t\t\t\t<div class=\"elementor-container elementor-column-gap-default\">\n\t\t\t\t\t<div class=\"elementor-column elementor-col-100 elementor-top-column elementor-element elementor-element-68bff5e\" data-id=\"68bff5e\" data-element_type=\"column\">\n\t\t\t<div class=\"elementor-widget-wrap elementor-element-populated\">\n\t\t\t\t\t\t<section class=\"elementor-section elementor-inner-section elementor-element elementor-element-38e3191 elementor-section-boxed elementor-section-height-default elementor-section-height-default\" data-id=\"38e3191\" data-element_type=\"section\">\n\t\t\t\t\t\t<div class=\"elementor-container elementor-column-gap-default\">\n\t\t\t\t\t<div class=\"elementor-column elementor-col-100 elementor-inner-column elementor-element elementor-element-ce9c993\" data-id=\"ce9c993\" data-element_type=\"column\">\n\t\t\t<div class=\"elementor-widget-wrap elementor-element-populated\">\n\t\t\t\t\t\t<div class=\"elementor-element elementor-element-1f4e2fd elementor-widget elementor-widget-heading\" data-id=\"1f4e2fd\" data-element_type=\"widget\" data-widget_type=\"heading.default\">\n\t\t\t\t<div class=\"elementor-widget-container\">\n\t\t\t\t\t<h1 class=\"elementor-heading-title elementor-size-default\">SUCURSALES<\/h1>\t\t\t\t<\/div>\n\t\t\t\t<\/div>\n\t\t\t\t\t<\/div>\n\t\t<\/div>\n\t\t\t\t\t<\/div>\n\t\t<\/section>\n\t\t\t\t<section class=\"elementor-section elementor-inner-section elementor-element elementor-element-8c4b52b elementor-section-full_width elementor-section-height-default elementor-section-height-default\" data-id=\"8c4b52b\" data-element_type=\"section\">\n\t\t\t\t\t\t<div class=\"elementor-container elementor-column-gap-default\">\n\t\t\t\t\t<div class=\"elementor-column elementor-col-100 elementor-inner-column elementor-element elementor-element-e24bf4e\" data-id=\"e24bf4e\" data-element_type=\"column\">\n\t\t\t<div class=\"elementor-widget-wrap elementor-element-populated\">\n\t\t\t\t\t\t<div class=\"elementor-element elementor-element-f61d3b3 elementor-widget elementor-widget-text-editor\" data-id=\"f61d3b3\" data-element_type=\"widget\" data-widget_type=\"text-editor.default\">\n\t\t\t\t<div class=\"elementor-widget-container\">\n\t\t\t\t\t\t\t\t\t<p>Desde el centro del pa\u00eds nuestra empresa se ramifica hacia Buenos Aires y La Rioja generando una circulaci\u00f3n din\u00e1mica . Los dep\u00f3sitos especialmente dise\u00f1ados con sistemas de planchadas , agilizan y coordinan la carga y descarga de los camiones de ruta, clasificaci\u00f3n y transferencia a los veh\u00edculos de reparto en forma simult\u00e1nea eliminando adem\u00e1s los riesgos que implican los movimientos de mercader\u00eda.<\/p><p>Aqu\u00ed la log\u00edstica se establece como pieza fundamental para el proceso de enlace hacia los distintos puntos de entrega.<\/p><p>Cada estaci\u00f3n cuenta con su administraci\u00f3n y Departamento de tr\u00e1fico informatizados operando en forma aut\u00f3noma permitiendo de \u00e9sta manera brindar siempre respuestas inmediatas.<\/p>\t\t\t\t\t\t\t\t<\/div>\n\t\t\t\t<\/div>\n\t\t\t\t\t<\/div>\n\t\t<\/div>\n\t\t\t\t\t<\/div>\n\t\t<\/section>\n\t\t\t\t<section class=\"elementor-section elementor-inner-section elementor-element elementor-element-d24187c elementor-section-boxed elementor-section-height-default elementor-section-height-default\" data-id=\"d24187c\" data-element_type=\"section\">\n\t\t\t\t\t\t<div class=\"elementor-container elementor-column-gap-default\">\n\t\t\t\t\t<div class=\"elementor-column elementor-col-50 elementor-inner-column elementor-element elementor-element-d168aac elementor-invisible\" data-id=\"d168aac\" data-element_type=\"column\" data-settings=\"{&quot;animation&quot;:&quot;fadeInLeft&quot;}\">\n\t\t\t<div class=\"elementor-widget-wrap elementor-element-populated\">\n\t\t\t\t\t\t<div class=\"elementor-element elementor-element-2f98ee5 elementor-widget elementor-widget-text-editor\" data-id=\"2f98ee5\" data-element_type=\"widget\" data-widget_type=\"text-editor.default\">\n\t\t\t\t<div class=\"elementor-widget-container\">\n\t\t\t\t\t\t\t\t\t<p><span style=\"color: #ff0000;\"><strong>Casa Central C\u00f3rdoba<\/strong><\/span><\/p><p><strong><span class=\"fe5nidar khvhiq1o r5qsrrlp i5tg98hk f9ovudaz przvwfww gx1rr48f gfz4du6o r7fjleex nz2484kf svot0ezm dcnh1tix sxl192xd t3g6t33p\"><span class=\"mpj7bzys xzlurrtv\">\ud83d\udd38 <\/span><\/span><span style=\"color: #000000;\">Email:\u00a0<\/span><\/strong><span style=\"color: #000000;\"><em>trafico@expresocopar.com.ar<\/em><\/span><\/p><p><span style=\"color: #000000;\"><strong><span class=\"fe5nidar khvhiq1o r5qsrrlp i5tg98hk f9ovudaz przvwfww gx1rr48f gfz4du6o r7fjleex nz2484kf svot0ezm dcnh1tix sxl192xd t3g6t33p\"><span class=\"mpj7bzys xzlurrtv\">\ud83d\udd38 <\/span><\/span>Tel\u00e9fono:<\/strong>\u00a0<em><a style=\"color: #000000;\" href=\"tel:0351 4995040\">(0351) 499-5040<\/a><\/em><\/span><\/p><p><span style=\"color: #000000;\"><strong><span class=\"fe5nidar khvhiq1o r5qsrrlp i5tg98hk f9ovudaz przvwfww gx1rr48f gfz4du6o r7fjleex nz2484kf svot0ezm dcnh1tix sxl192xd t3g6t33p\"><span class=\"mpj7bzys xzlurrtv\">\ud83d\udd38 <\/span><\/span>Trafico Tel\u00e9fono:<\/strong>\u00a0<em><a style=\"color: #000000;\" href=\"tel:0351 4035075\">(0351) 4035075<\/a><\/em><\/span><\/p><p><span style=\"color: #000000;\"><strong><span class=\"fe5nidar khvhiq1o r5qsrrlp i5tg98hk f9ovudaz przvwfww gx1rr48f gfz4du6o r7fjleex nz2484kf svot0ezm dcnh1tix sxl192xd t3g6t33p\"><span class=\"mpj7bzys xzlurrtv\">\ud83d\udd38 <\/span><\/span>Deposito Tel\u00e9fono:<\/strong>\u00a0<em><a style=\"color: #000000;\" href=\"tel:0351 4023962\">(0351) 4023962<\/a><\/em><\/span><\/p><p><span style=\"color: #000000;\"><strong><span class=\"fe5nidar khvhiq1o r5qsrrlp i5tg98hk f9ovudaz przvwfww gx1rr48f gfz4du6o r7fjleex nz2484kf svot0ezm dcnh1tix sxl192xd t3g6t33p\"><span class=\"mpj7bzys xzlurrtv\">\ud83d\udd38 <\/span><\/span>Direcci\u00f3n:\u00a0<\/strong><a style=\"color: #000000;\" href=\"https:\/\/www.google.com\/maps\/embed?pb=!1m18!1m12!1m3!1d3407.824123180279!2d-64.19522158431437!3d-31.33622719951591!2m3!1f0!2f0!3f0!3m2!1i1024!2i768!4f13.1!3m3!1m2!1s0x943299823496f431%3A0x47edf4a9f0a702a6!2sAv.+del+Japon%2C+C%C3%B3rdoba!5e0!3m2!1ses-419!2sar!4v1551297854373\" target=\"_blank\" rel=\"noopener\">\u00a0Av. del Jap\u00f3n 2075, Gui\u00f1azu, C\u00f3rdoba<\/a><\/span><\/p><p><span style=\"color: #000000;\"><strong><span class=\"fe5nidar khvhiq1o r5qsrrlp i5tg98hk f9ovudaz przvwfww gx1rr48f gfz4du6o r7fjleex nz2484kf svot0ezm dcnh1tix sxl192xd t3g6t33p\"><span class=\"mpj7bzys xzlurrtv\">\ud83d\udd38 <\/span><\/span>Atenci\u00f3n:\u00a0De 8 a 18 Hs<\/strong><\/span><\/p>\t\t\t\t\t\t\t\t<\/div>\n\t\t\t\t<\/div>\n\t\t\t\t\t<\/div>\n\t\t<\/div>\n\t\t\t\t<div class=\"elementor-column elementor-col-50 elementor-inner-column elementor-element elementor-element-2c9589a elementor-invisible\" data-id=\"2c9589a\" data-element_type=\"column\" data-settings=\"{&quot;animation&quot;:&quot;fadeInDown&quot;}\">\n\t\t\t<div class=\"elementor-widget-wrap elementor-element-populated\">\n\t\t\t\t\t\t<div class=\"elementor-element elementor-element-99b17ea elementor-widget elementor-widget-html\" data-id=\"99b17ea\" data-element_type=\"widget\" data-widget_type=\"html.default\">\n\t\t\t\t<div class=\"elementor-widget-container\">\n\t\t\t\t\t<iframe src=\"https:\/\/www.google.com\/maps\/embed?pb=!1m14!1m8!1m3!1d5688.677104996067!2d-64.19968!3d-31.334647!3m2!1i1024!2i768!4f13.1!3m3!1m2!1s0x9432997ebee36e27%3A0xdd341d62999509f0!2sAv.%20Jap%C3%B3n%202230%2C%20C%C3%B3rdoba%2C%20Argentina!5e1!3m2!1ses!2sus!4v1707337577479!5m2!1ses!2sus\" width=\"600\" height=\"450\" style=\"border:0;\" allowfullscreen=\"\" loading=\"lazy\" referrerpolicy=\"no-referrer-when-downgrade\"><\/iframe>\t\t\t\t<\/div>\n\t\t\t\t<\/div>\n\t\t\t\t\t<\/div>\n\t\t<\/div>\n\t\t\t\t\t<\/div>\n\t\t<\/section>\n\t\t\t\t<section class=\"elementor-section elementor-inner-section elementor-element elementor-element-8730a7a elementor-section-boxed elementor-section-height-default elementor-section-height-default\" data-id=\"8730a7a\" data-element_type=\"section\">\n\t\t\t\t\t\t<div class=\"elementor-container elementor-column-gap-default\">\n\t\t\t\t\t<div class=\"elementor-column elementor-col-50 elementor-inner-column elementor-element elementor-element-da90a49 elementor-invisible\" data-id=\"da90a49\" data-element_type=\"column\" data-settings=\"{&quot;animation&quot;:&quot;fadeInLeft&quot;}\">\n\t\t\t<div class=\"elementor-widget-wrap elementor-element-populated\">\n\t\t\t\t\t\t<div class=\"elementor-element elementor-element-b9e2bf3 elementor-widget elementor-widget-text-editor\" data-id=\"b9e2bf3\" data-element_type=\"widget\" data-widget_type=\"text-editor.default\">\n\t\t\t\t<div class=\"elementor-widget-container\">\n\t\t\t\t\t\t\t\t\t<p><span style=\"color: #ff0000;\"><strong>Dep\u00f3sito Buenos Aires<\/strong><\/span><\/p><p><strong><span class=\"fe5nidar khvhiq1o r5qsrrlp i5tg98hk f9ovudaz przvwfww gx1rr48f gfz4du6o r7fjleex nz2484kf svot0ezm dcnh1tix sxl192xd t3g6t33p\"><span class=\"mpj7bzys xzlurrtv\">\ud83d\udd38 <\/span><\/span>Email:\u00a0<\/strong><em>coparba@arnet.com.ar<\/em><\/p><p><strong><span class=\"fe5nidar khvhiq1o r5qsrrlp i5tg98hk f9ovudaz przvwfww gx1rr48f gfz4du6o r7fjleex nz2484kf svot0ezm dcnh1tix sxl192xd t3g6t33p\"><span class=\"mpj7bzys xzlurrtv\">\ud83d\udd38<\/span><\/span>Tel\u00e9fono:<\/strong>\u00a0(011) 4918-7424 \/ 4918-8126 \/ 4919-2378<\/p><p><strong><span class=\"fe5nidar khvhiq1o r5qsrrlp i5tg98hk f9ovudaz przvwfww gx1rr48f gfz4du6o r7fjleex nz2484kf svot0ezm dcnh1tix sxl192xd t3g6t33p\"><span class=\"mpj7bzys xzlurrtv\">\ud83d\udd38 <\/span><\/span>Direcci\u00f3n:\u00a0<\/strong>\u00a0Ferr\u00e9 3254, Pompeya<\/p>\t\t\t\t\t\t\t\t<\/div>\n\t\t\t\t<\/div>\n\t\t\t\t\t<\/div>\n\t\t<\/div>\n\t\t\t\t<div class=\"elementor-column elementor-col-50 elementor-inner-column elementor-element elementor-element-f1a65c2 elementor-invisible\" data-id=\"f1a65c2\" data-element_type=\"column\" data-settings=\"{&quot;animation&quot;:&quot;fadeInDown&quot;}\">\n\t\t\t<div class=\"elementor-widget-wrap elementor-element-populated\">\n\t\t\t\t\t\t<div class=\"elementor-element elementor-element-440fc84 elementor-widget elementor-widget-html\" data-id=\"440fc84\" data-element_type=\"widget\" data-widget_type=\"html.default\">\n\t\t\t\t<div class=\"elementor-widget-container\">\n\t\t\t\t\t<iframe src=\"https:\/\/www.google.com\/maps\/embed?pb=!1m14!1m8!1m3!1d5477.734204928994!2d-58.435373000000006!3d-34.666996!3m2!1i1024!2i768!4f13.1!3m3!1m2!1s0x95bccb8c12539455%3A0x24f2027005b6b2b2!2sExpreso%20Copar%20%5BDep%C3%B3sito%20Buenos%20Aires%5D%20%7C%20Expreso%20Copar%20S.A.!5e1!3m2!1ses!2sus!4v1707337792199!5m2!1ses!2sus\" width=\"600\" height=\"450\" style=\"border:0;\" allowfullscreen=\"\" loading=\"lazy\" referrerpolicy=\"no-referrer-when-downgrade\"><\/iframe>\t\t\t\t<\/div>\n\t\t\t\t<\/div>\n\t\t\t\t\t<\/div>\n\t\t<\/div>\n\t\t\t\t\t<\/div>\n\t\t<\/section>\n\t\t\t\t<section class=\"elementor-section elementor-inner-section elementor-element elementor-element-fb491c8 elementor-section-boxed elementor-section-height-default elementor-section-height-default\" data-id=\"fb491c8\" data-element_type=\"section\">\n\t\t\t\t\t\t<div class=\"elementor-container elementor-column-gap-default\">\n\t\t\t\t\t<div class=\"elementor-column elementor-col-50 elementor-inner-column elementor-element elementor-element-24f8f4a elementor-invisible\" data-id=\"24f8f4a\" data-element_type=\"column\" data-settings=\"{&quot;animation&quot;:&quot;fadeInLeft&quot;}\">\n\t\t\t<div class=\"elementor-widget-wrap elementor-element-populated\">\n\t\t\t\t\t\t<div class=\"elementor-element elementor-element-cfaef5f elementor-widget elementor-widget-text-editor\" data-id=\"cfaef5f\" data-element_type=\"widget\" data-widget_type=\"text-editor.default\">\n\t\t\t\t<div class=\"elementor-widget-container\">\n\t\t\t\t\t\t\t\t\t<p><span style=\"color: #ff0000;\"><strong>Dep\u00f3sito La Rioja<\/strong><\/span><\/p><p><strong><span class=\"fe5nidar khvhiq1o r5qsrrlp i5tg98hk f9ovudaz przvwfww gx1rr48f gfz4du6o r7fjleex nz2484kf svot0ezm dcnh1tix sxl192xd t3g6t33p\"><span class=\"mpj7bzys xzlurrtv\">\ud83d\udd38 <\/span><\/span>Email:\u00a0<\/strong><em>expresocoparlr@infovia.com.ar<\/em><\/p><p><strong><span class=\"fe5nidar khvhiq1o r5qsrrlp i5tg98hk f9ovudaz przvwfww gx1rr48f gfz4du6o r7fjleex nz2484kf svot0ezm dcnh1tix sxl192xd t3g6t33p\"><span class=\"mpj7bzys xzlurrtv\">\ud83d\udd38 <\/span><\/span>Tel\u00e9fono:<\/strong>\u00a0(0380) 4490805 \/ 4490810<\/p><p><strong><span class=\"fe5nidar khvhiq1o r5qsrrlp i5tg98hk f9ovudaz przvwfww gx1rr48f gfz4du6o r7fjleex nz2484kf svot0ezm dcnh1tix sxl192xd t3g6t33p\"><span class=\"mpj7bzys xzlurrtv\">\ud83d\udd38 <\/span><\/span>Direcci\u00f3n:\u00a0<\/strong>\u00a0Benjamin Matienzo 2662 Parque Industrial La Rioja<\/p>\t\t\t\t\t\t\t\t<\/div>\n\t\t\t\t<\/div>\n\t\t\t\t\t<\/div>\n\t\t<\/div>\n\t\t\t\t<div class=\"elementor-column elementor-col-50 elementor-inner-column elementor-element elementor-element-47f5b68 elementor-invisible\" data-id=\"47f5b68\" data-element_type=\"column\" data-settings=\"{&quot;animation&quot;:&quot;fadeInDown&quot;}\">\n\t\t\t<div class=\"elementor-widget-wrap elementor-element-populated\">\n\t\t\t\t\t\t<div class=\"elementor-element elementor-element-f3118ed elementor-widget elementor-widget-html\" data-id=\"f3118ed\" data-element_type=\"widget\" data-widget_type=\"html.default\">\n\t\t\t\t<div class=\"elementor-widget-container\">\n\t\t\t\t\t<iframe src=\"https:\/\/www.google.com\/maps\/embed?pb=!1m14!1m8!1m3!1d1219.78516107309!2d-66.82032006961289!3d-29.40089926618129!3m2!1i1024!2i768!4f13.1!3m3!1m2!1s0x9427da6e1f56c5d9%3A0x773ed1953b7315c!2sExpreso%20Copar!5e1!3m2!1ses!2sus!4v1707338201516!5m2!1ses!2sus\" width=\"600\" height=\"450\" style=\"border:0;\" allowfullscreen=\"\" loading=\"lazy\" referrerpolicy=\"no-referrer-when-downgrade\"><\/iframe>\t\t\t\t<\/div>\n\t\t\t\t<\/div>\n\t\t\t\t\t<\/div>\n\t\t<\/div>\n\t\t\t\t\t<\/div>\n\t\t<\/section>\n\t\t\t\t\t<\/div>\n\t\t<\/div>\n\t\t\t\t\t<\/div>\n\t\t<\/section>\n\t\t\t\t<\/div>\n\t\t","protected":false},"excerpt":{"rendered":"<p>SUCURSALES Desde el centro del pa\u00eds nuestra empresa se ramifica hacia Buenos Aires y La Rioja generando una circulaci\u00f3n din\u00e1mica . Los dep\u00f3sitos especialmente dise\u00f1ados con sistemas de planchadas , agilizan y coordinan la carga y descarga de los camiones de ruta, clasificaci\u00f3n y transferencia a los veh\u00edculos de reparto en forma simult\u00e1nea eliminando adem\u00e1s &#8230; <a title=\"Sucursales\" class=\"read-more\" href=\"https:\/\/expresocopar.com\/index.php\/sucursales\/\" aria-label=\"M\u00e1s en Sucursales\">Leer m\u00e1s<\/a><\/p>\n","protected":false},"author":1,"featured_media":0,"parent":0,"menu_order":0,"comment_status":"closed","ping_status":"closed","template":"","meta":{"footnotes":""},"class_list":["post-231","page","type-page","status-publish"],"_links":{"self":[{"href":"https:\/\/expresocopar.com\/index.php\/wp-json\/wp\/v2\/pages\/231","targetHints":{"allow":["GET"]}}],"collection":[{"href":"https:\/\/expresocopar.com\/index.php\/wp-json\/wp\/v2\/pages"}],"about":[{"href":"https:\/\/expresocopar.com\/index.php\/wp-json\/wp\/v2\/types\/page"}],"author":[{"embeddable":true,"href":"https:\/\/expresocopar.com\/index.php\/wp-json\/wp\/v2\/users\/1"}],"replies":[{"embeddable":true,"href":"https:\/\/expresocopar.com\/index.php\/wp-json\/wp\/v2\/comments?post=231"}],"version-history":[{"count":20,"href":"https:\/\/expresocopar.com\/index.php\/wp-json\/wp\/v2\/pages\/231\/revisions"}],"predecessor-version":[{"id":268,"href":"https:\/\/expresocopar.com\/index.php\/wp-json\/wp\/v2\/pages\/231\/revisions\/268"}],"wp:attachment":[{"href":"https:\/\/expresocopar.com\/index.php\/wp-json\/wp\/v2\/media?parent=231"}],"curies":[{"name":"wp","href":"https:\/\/api.w.org\/{rel}","templated":true}]}}